{"id":364,"date":"2024-03-18T11:10:10","date_gmt":"2024-03-18T14:10:10","guid":{"rendered":"https:\/\/jacareirugby.com.br\/?page_id=364"},"modified":"2024-06-06T10:57:57","modified_gmt":"2024-06-06T13:57:57","slug":"sobre-nos-jacarei-rugby","status":"publish","type":"page","link":"https:\/\/jacareirugby.com.br\/?page_id=364","title":{"rendered":"Sobre n\u00f3s"},"content":{"rendered":"\t\t<div data-elementor-type=\"wp-page\" data-elementor-id=\"364\" class=\"elementor elementor-364\" data-elementor-post-type=\"page\">\n\t\t\t\t<header class=\"elementor-element elementor-element-6a42c5de e-con-full e-flex e-con e-parent\" data-id=\"6a42c5de\" data-element_type=\"container\" data-e-type=\"container\">\n\t\t\t\t<div class=\"elementor-element elementor-element-49b97a6 elementor-nav-menu--dropdown-tablet elementor-nav-menu__text-align-aside elementor-nav-menu--toggle elementor-nav-menu--burger elementor-widget elementor-widget-nav-menu\" data-id=\"49b97a6\" data-element_type=\"widget\" data-e-type=\"widget\" data-settings=\"{&quot;layout&quot;:&quot;horizontal&quot;,&quot;submenu_icon&quot;:{&quot;value&quot;:&quot;&lt;svg class=\\&quot;e-font-icon-svg e-fas-caret-down\\&quot; viewBox=\\&quot;0 0 320 512\\&quot; xmlns=\\&quot;http:\\\/\\\/www.w3.org\\\/2000\\\/svg\\&quot;&gt;&lt;path d=\\&quot;M31.3 192h257.3c17.8 0 26.7 21.5 14.1 34.1L174.1 354.8c-7.8 7.8-20.5 7.8-28.3 0L17.2 226.1C4.6 213.5 13.5 192 31.3 192z\\&quot;&gt;&lt;\\\/path&gt;&lt;\\\/svg&gt;&quot;,&quot;library&quot;:&quot;fa-solid&quot;},&quot;toggle&quot;:&quot;burger&quot;}\" data-widget_type=\"nav-menu.default\">\n\t\t\t\t<div class=\"elementor-widget-container\">\n\t\t\t\t\t\t\t\t<nav class=\"elementor-nav-menu--main elementor-nav-menu__container elementor-nav-menu--layout-horizontal e--pointer-underline e--animation-fade\">\n\t\t\t\t<ul id=\"menu-1-49b97a6\" class=\"elementor-nav-menu\"><li class=\"menu-item menu-item-type-custom menu-item-object-custom menu-item-home menu-item-144\"><a href=\"https:\/\/jacareirugby.com.br\/\" class=\"elementor-item\">Home<\/a><\/li>\n<li class=\"menu-item menu-item-type-post_type menu-item-object-page menu-item-1419\"><a href=\"https:\/\/jacareirugby.com.br\/?page_id=1403\" class=\"elementor-item\">Treinos<\/a><\/li>\n<li class=\"menu-item menu-item-type-custom menu-item-object-custom menu-item-home menu-item-1237\"><a href=\"https:\/\/jacareirugby.com.br\/\" class=\"elementor-item\">O Clube<\/a><\/li>\n<li class=\"menu-item menu-item-type-post_type menu-item-object-page menu-item-441\"><a href=\"https:\/\/jacareirugby.com.br\/?page_id=364\" class=\"elementor-item\">Sobre n\u00f3s<\/a><\/li>\n<li class=\"menu-item menu-item-type-post_type menu-item-object-page menu-item-1235\"><a href=\"https:\/\/jacareirugby.com.br\/?page_id=1230\" class=\"elementor-item\">T\u00edtulos<\/a><\/li>\n<li class=\"menu-item menu-item-type-post_type menu-item-object-page menu-item-1345\"><a href=\"https:\/\/jacareirugby.com.br\/?page_id=1305\" class=\"elementor-item\">Premia\u00e7\u00f5es do Clube<\/a><\/li>\n<li class=\"menu-item menu-item-type-post_type menu-item-object-page menu-item-861\"><a href=\"https:\/\/jacareirugby.com.br\/?page_id=843\" class=\"elementor-item\">Not\u00edcias<\/a><\/li>\n<li class=\"menu-item menu-item-type-post_type menu-item-object-page menu-item-442\"><a href=\"https:\/\/jacareirugby.com.br\/?page_id=381\" class=\"elementor-item\">Transpar\u00eancia<\/a><\/li>\n<\/ul>\t\t\t<\/nav>\n\t\t\t\t\t<div class=\"elementor-menu-toggle\" role=\"button\" tabindex=\"0\" aria-label=\"Alternar menu\" aria-expanded=\"false\">\n\t\t\t<svg aria-hidden=\"true\" role=\"presentation\" class=\"elementor-menu-toggle__icon--open e-font-icon-svg e-eicon-menu-bar\" viewBox=\"0 0 1000 1000\" xmlns=\"http:\/\/www.w3.org\/2000\/svg\"><path d=\"M104 333H896C929 333 958 304 958 271S929 208 896 208H104C71 208 42 237 42 271S71 333 104 333ZM104 583H896C929 583 958 554 958 521S929 458 896 458H104C71 458 42 487 42 521S71 583 104 583ZM104 833H896C929 833 958 804 958 771S929 708 896 708H104C71 708 42 737 42 771S71 833 104 833Z\"><\/path><\/svg><svg aria-hidden=\"true\" role=\"presentation\" class=\"elementor-menu-toggle__icon--close e-font-icon-svg e-eicon-close\" viewBox=\"0 0 1000 1000\" xmlns=\"http:\/\/www.w3.org\/2000\/svg\"><path d=\"M742 167L500 408 258 167C246 154 233 150 217 150 196 150 179 158 167 167 154 179 150 196 150 212 150 229 154 242 171 254L408 500 167 742C138 771 138 800 167 829 196 858 225 858 254 829L496 587 738 829C750 842 767 846 783 846 800 846 817 842 829 829 842 817 846 804 846 783 846 767 842 750 829 737L588 500 833 258C863 229 863 200 833 171 804 137 775 137 742 167Z\"><\/path><\/svg>\t\t\t<span class=\"elementor-screen-only\">Menu<\/span>\n\t\t<\/div>\n\t\t\t\t\t<nav class=\"elementor-nav-menu--dropdown elementor-nav-menu__container\" aria-hidden=\"true\">\n\t\t\t\t<ul id=\"menu-2-49b97a6\" class=\"elementor-nav-menu\"><li class=\"menu-item menu-item-type-custom menu-item-object-custom menu-item-home menu-item-144\"><a href=\"https:\/\/jacareirugby.com.br\/\" class=\"elementor-item\" tabindex=\"-1\">Home<\/a><\/li>\n<li class=\"menu-item menu-item-type-post_type menu-item-object-page menu-item-1419\"><a href=\"https:\/\/jacareirugby.com.br\/?page_id=1403\" class=\"elementor-item\" tabindex=\"-1\">Treinos<\/a><\/li>\n<li class=\"menu-item menu-item-type-custom menu-item-object-custom menu-item-home menu-item-1237\"><a href=\"https:\/\/jacareirugby.com.br\/\" class=\"elementor-item\" tabindex=\"-1\">O Clube<\/a><\/li>\n<li class=\"menu-item menu-item-type-post_type menu-item-object-page menu-item-441\"><a href=\"https:\/\/jacareirugby.com.br\/?page_id=364\" class=\"elementor-item\" tabindex=\"-1\">Sobre n\u00f3s<\/a><\/li>\n<li class=\"menu-item menu-item-type-post_type menu-item-object-page menu-item-1235\"><a href=\"https:\/\/jacareirugby.com.br\/?page_id=1230\" class=\"elementor-item\" tabindex=\"-1\">T\u00edtulos<\/a><\/li>\n<li class=\"menu-item menu-item-type-post_type menu-item-object-page menu-item-1345\"><a href=\"https:\/\/jacareirugby.com.br\/?page_id=1305\" class=\"elementor-item\" tabindex=\"-1\">Premia\u00e7\u00f5es do Clube<\/a><\/li>\n<li class=\"menu-item menu-item-type-post_type menu-item-object-page menu-item-861\"><a href=\"https:\/\/jacareirugby.com.br\/?page_id=843\" class=\"elementor-item\" tabindex=\"-1\">Not\u00edcias<\/a><\/li>\n<li class=\"menu-item menu-item-type-post_type menu-item-object-page menu-item-442\"><a href=\"https:\/\/jacareirugby.com.br\/?page_id=381\" class=\"elementor-item\" tabindex=\"-1\">Transpar\u00eancia<\/a><\/li>\n<\/ul>\t\t\t<\/nav>\n\t\t\t\t\t\t<\/div>\n\t\t\t\t<\/div>\n\t\t\t\t<\/header>\n\t\t<div class=\"elementor-element elementor-element-e8848c0 e-con-full e-flex e-con e-parent\" data-id=\"e8848c0\" data-element_type=\"container\" data-e-type=\"container\">\n\t\t<div class=\"elementor-element elementor-element-1922fe5e e-con-full e-flex e-con e-child\" data-id=\"1922fe5e\" data-element_type=\"container\" data-e-type=\"container\">\n\t\t\t\t<div class=\"elementor-element elementor-element-240d1a38 elementor-widget elementor-widget-heading\" data-id=\"240d1a38\" data-element_type=\"widget\" data-e-type=\"widget\" data-widget_type=\"heading.default\">\n\t\t\t\t<div class=\"elementor-widget-container\">\n\t\t\t\t\t<h1 class=\"elementor-heading-title elementor-size-default\">Sobre n\u00f3s<\/h1>\t\t\t\t<\/div>\n\t\t\t\t<\/div>\n\t\t\t\t<div class=\"elementor-element elementor-element-11d40d6 elementor-widget elementor-widget-text-editor\" data-id=\"11d40d6\" data-element_type=\"widget\" data-e-type=\"widget\" data-widget_type=\"text-editor.default\">\n\t\t\t\t<div class=\"elementor-widget-container\">\n\t\t\t\t\t\t\t\t\t<p class=\"font_6 wixui-rich-text__text\"><span class=\"color_11 wixui-rich-text__text\"><span class=\"wixui-rich-text__text\">Iniciado em 2003, o rugby de Jacare\u00ed deu seus primeiros passos dentro do Col\u00e9gio Univap, como um projeto advindo do S\u00e3o Jos\u00e9 Rugby com o objeto de disseminar a pr\u00e1tica do esporte em nossa regi\u00e3o. Em 2006, j\u00e1 galgando conquistas maiores, fundou-se a Associa\u00e7\u00e3o Esportiva Jacare\u00ed Rugby, dando forma ao nosso clube como pessoa jur\u00eddica com o objetivo de criar condi\u00e7\u00f5es ideais para a modalidade formar uma base s\u00f3lida para seu desenvolvimento no munic\u00edpio.<\/span><\/span><\/p><p class=\"font_6 wixui-rich-text__text\">\u00a0<\/p><p class=\"font_6 wixui-rich-text__text\"><span class=\"color_11 wixui-rich-text__text\"><span class=\"wixui-rich-text__text\">A Associa\u00e7\u00e3o sempre teve como meta principal formar n\u00e3o apenas atletas, mas tamb\u00e9m cidad\u00e3os conscientes de suas responsabilidades e deveres perante a comunidade, colocando em pr\u00e1tica os valores sociais presentes no rugby. O reconhecimento disso foi o recebimento do t\u00edtulo de Utilidade P\u00fablica da C\u00e2mara Municipal de Jacare\u00ed em 2011.<\/span><\/span><\/p>\t\t\t\t\t\t\t\t<\/div>\n\t\t\t\t<\/div>\n\t\t\t\t<\/div>\n\t\t<div class=\"elementor-element elementor-element-2fd3d0e8 e-con-full e-flex e-con e-child\" data-id=\"2fd3d0e8\" data-element_type=\"container\" data-e-type=\"container\" data-settings=\"{&quot;background_background&quot;:&quot;classic&quot;}\">\n\t\t\t\t<div class=\"elementor-element elementor-element-6f1e9d35 elementor-widget elementor-widget-image\" data-id=\"6f1e9d35\" data-element_type=\"widget\" data-e-type=\"widget\" data-widget_type=\"image.default\">\n\t\t\t\t<div class=\"elementor-widget-container\">\n\t\t\t\t\t\t\t\t\t\t\t\t\t\t\t<img fetchpriority=\"high\" decoding=\"async\" width=\"640\" height=\"427\" src=\"https:\/\/jacareirugby.com.br\/wp-content\/uploads\/2024\/03\/IMG_6630-1024x683.jpg\" class=\"attachment-large size-large wp-image-808\" alt=\"\" srcset=\"https:\/\/jacareirugby.com.br\/wp-content\/uploads\/2024\/03\/IMG_6630-1024x683.jpg 1024w, https:\/\/jacareirugby.com.br\/wp-content\/uploads\/2024\/03\/IMG_6630-300x200.jpg 300w, https:\/\/jacareirugby.com.br\/wp-content\/uploads\/2024\/03\/IMG_6630-768x512.jpg 768w, https:\/\/jacareirugby.com.br\/wp-content\/uploads\/2024\/03\/IMG_6630-1536x1024.jpg 1536w, https:\/\/jacareirugby.com.br\/wp-content\/uploads\/2024\/03\/IMG_6630-2048x1365.jpg 2048w, https:\/\/jacareirugby.com.br\/wp-content\/uploads\/2024\/03\/IMG_6630-1568x1045.jpg 1568w\" sizes=\"(max-width: 640px) 100vw, 640px\" \/>\t\t\t\t\t\t\t\t\t\t\t\t\t\t\t<\/div>\n\t\t\t\t<\/div>\n\t\t\t\t<\/div>\n\t\t\t\t<\/div>\n\t\t<div class=\"elementor-element elementor-element-aa5d888 e-flex e-con-boxed e-con e-parent\" data-id=\"aa5d888\" data-element_type=\"container\" data-e-type=\"container\">\n\t\t\t\t\t<div class=\"e-con-inner\">\n\t\t\t\t<div class=\"elementor-element elementor-element-92a71c4 elementor-widget__width-initial elementor-widget elementor-widget-text-editor\" data-id=\"92a71c4\" data-element_type=\"widget\" data-e-type=\"widget\" data-widget_type=\"text-editor.default\">\n\t\t\t\t<div class=\"elementor-widget-container\">\n\t\t\t\t\t\t\t\t\t<p class=\"font_6 wixui-rich-text__text\"><span class=\"color_11 wixui-rich-text__text\"><span class=\"wixui-rich-text__text\">O resultado do bom trabalho desempenhado pela Associa\u00e7\u00e3o \u00e9 demonstrado na crescente de significativa de n\u00fameros nos \u00faltimos anos: com 5 polos de treinamentos em a\u00e7\u00e3o (Santa Maria, SESI, Igarap\u00e9s, Rio Comprido e Veraneio Ijal) atualmente o Jacare\u00ed Rugby atende mais de 500 participantes diretos em suas atividades, em 11 categorias estruturadas, desde o infantil at\u00e9 o adulto, sendo masculino e feminino. Todas disputam campeonatos oficiais em n\u00edvel regional, estadual e nacional, colocando assim a Associa\u00e7\u00e3o, bem como a cidade de Jacare\u00ed, como um dos principais polos para o cont\u00ednuo desenvolvimento do rugby no Brasil.<\/span><\/span><\/p><p class=\"font_6 wixui-rich-text__text\">\u00a0<\/p><p class=\"font_6 wixui-rich-text__text\"><span class=\"wixui-rich-text__text\"><span class=\"color_11 wixui-rich-text__text\">Em 2018, o Jacare\u00ed Rugby alcan\u00e7ou diversas conquistas no \u00e2mbito social e esportivo. O aumento expressivo do n\u00famero de atletas, a expans\u00e3o de polos de treinamento, bem como o envolvimento e engajamento de atletas e familiares nas atividades realizadas pelo clube com apoio de toda comunidade. No \u00e2mbito esportivo o Jacare\u00ed Rugby se consolida como um dos principais times de Rugby a n\u00edvel nacional, que al\u00e9m do bom trabalho com o alto rendimento, desenvolve um forte e exemplar trabalho com as categorias de base e infant<\/span>is.<\/span><\/p>\t\t\t\t\t\t\t\t<\/div>\n\t\t\t\t<\/div>\n\t\t\t\t\t<\/div>\n\t\t\t\t<\/div>\n\t\t<div class=\"elementor-element elementor-element-1a9d569a e-flex e-con-boxed e-con e-parent\" data-id=\"1a9d569a\" data-element_type=\"container\" data-e-type=\"container\">\n\t\t\t\t\t<div class=\"e-con-inner\">\n\t\t<div class=\"elementor-element elementor-element-166e91a5 e-con-full e-flex e-con e-child\" data-id=\"166e91a5\" data-element_type=\"container\" data-e-type=\"container\">\n\t\t\t\t<div class=\"elementor-element elementor-element-65da63ba elementor-widget elementor-widget-image\" data-id=\"65da63ba\" data-element_type=\"widget\" data-e-type=\"widget\" data-widget_type=\"image.default\">\n\t\t\t\t<div class=\"elementor-widget-container\">\n\t\t\t\t\t\t\t\t\t\t\t\t\t\t\t<img decoding=\"async\" width=\"640\" height=\"427\" src=\"https:\/\/jacareirugby.com.br\/wp-content\/uploads\/2024\/03\/20230930-M14-Semifinal-Jacarei-x-Poli-Foto-Icaro-Leal-Jacarei-Rugby-107-1024x683.jpg\" class=\"attachment-large size-large wp-image-786\" alt=\"\" srcset=\"https:\/\/jacareirugby.com.br\/wp-content\/uploads\/2024\/03\/20230930-M14-Semifinal-Jacarei-x-Poli-Foto-Icaro-Leal-Jacarei-Rugby-107-1024x683.jpg 1024w, https:\/\/jacareirugby.com.br\/wp-content\/uploads\/2024\/03\/20230930-M14-Semifinal-Jacarei-x-Poli-Foto-Icaro-Leal-Jacarei-Rugby-107-300x200.jpg 300w, https:\/\/jacareirugby.com.br\/wp-content\/uploads\/2024\/03\/20230930-M14-Semifinal-Jacarei-x-Poli-Foto-Icaro-Leal-Jacarei-Rugby-107-768x512.jpg 768w, https:\/\/jacareirugby.com.br\/wp-content\/uploads\/2024\/03\/20230930-M14-Semifinal-Jacarei-x-Poli-Foto-Icaro-Leal-Jacarei-Rugby-107-1536x1024.jpg 1536w, https:\/\/jacareirugby.com.br\/wp-content\/uploads\/2024\/03\/20230930-M14-Semifinal-Jacarei-x-Poli-Foto-Icaro-Leal-Jacarei-Rugby-107-2048x1365.jpg 2048w, https:\/\/jacareirugby.com.br\/wp-content\/uploads\/2024\/03\/20230930-M14-Semifinal-Jacarei-x-Poli-Foto-Icaro-Leal-Jacarei-Rugby-107-1568x1045.jpg 1568w\" sizes=\"(max-width: 640px) 100vw, 640px\" \/>\t\t\t\t\t\t\t\t\t\t\t\t\t\t\t<\/div>\n\t\t\t\t<\/div>\n\t\t\t\t<\/div>\n\t\t<div class=\"elementor-element elementor-element-6fded6b7 e-con-full e-flex e-con e-child\" data-id=\"6fded6b7\" data-element_type=\"container\" data-e-type=\"container\">\n\t\t\t\t<div class=\"elementor-element elementor-element-6be4dffe elementor-widget elementor-widget-heading\" data-id=\"6be4dffe\" data-element_type=\"widget\" data-e-type=\"widget\" data-widget_type=\"heading.default\">\n\t\t\t\t<div class=\"elementor-widget-container\">\n\t\t\t\t\t<h2 class=\"elementor-heading-title elementor-size-default\">Miss\u00e3o<\/h2>\t\t\t\t<\/div>\n\t\t\t\t<\/div>\n\t\t\t\t<div class=\"elementor-element elementor-element-60fc3989 elementor-widget elementor-widget-text-editor\" data-id=\"60fc3989\" data-element_type=\"widget\" data-e-type=\"widget\" data-widget_type=\"text-editor.default\">\n\t\t\t\t<div class=\"elementor-widget-container\">\n\t\t\t\t\t\t\t\t\t<p>Ser um clube refer\u00eancia nacional e internacional, que inspire e promova a pr\u00e1tica do rugby e nossos valores por meio de a\u00e7\u00f5es esportivas e sociais, formando atletas e cidad\u00e3os competentes para a vida social, esportiva e profissional.<\/p>\t\t\t\t\t\t\t\t<\/div>\n\t\t\t\t<\/div>\n\t\t\t\t<\/div>\n\t\t\t\t\t<\/div>\n\t\t\t\t<\/div>\n\t\t<div class=\"elementor-element elementor-element-6a389f4f e-flex e-con-boxed e-con e-parent\" data-id=\"6a389f4f\" data-element_type=\"container\" data-e-type=\"container\">\n\t\t\t\t\t<div class=\"e-con-inner\">\n\t\t<div class=\"elementor-element elementor-element-7ce975ba e-con-full e-flex e-con e-child\" data-id=\"7ce975ba\" data-element_type=\"container\" data-e-type=\"container\">\n\t\t\t\t<div class=\"elementor-element elementor-element-58f2d514 elementor-widget elementor-widget-heading\" data-id=\"58f2d514\" data-element_type=\"widget\" data-e-type=\"widget\" data-widget_type=\"heading.default\">\n\t\t\t\t<div class=\"elementor-widget-container\">\n\t\t\t\t\t<h2 class=\"elementor-heading-title elementor-size-default\">Vis\u00e3o<\/h2>\t\t\t\t<\/div>\n\t\t\t\t<\/div>\n\t\t\t\t<div class=\"elementor-element elementor-element-2e9ffb10 elementor-widget elementor-widget-text-editor\" data-id=\"2e9ffb10\" data-element_type=\"widget\" data-e-type=\"widget\" data-widget_type=\"text-editor.default\">\n\t\t\t\t<div class=\"elementor-widget-container\">\n\t\t\t\t\t\t\t\t\t<ul class=\"font_6 color_11 wixui-rich-text__text\"><li class=\"wixui-rich-text__text\"><p class=\"font_6 wixui-rich-text__text\"><span class=\"color_11 wixui-rich-text__text\"><span class=\"wixui-rich-text__text\">Ser refer\u00eancia nacional no desenvolvimento do rugby,<\/span><\/span><\/p><\/li><li class=\"wixui-rich-text__text\"><p class=\"font_6 wixui-rich-text__text\"><span class=\"color_11 wixui-rich-text__text\"><span class=\"wixui-rich-text__text\">Fomentar a pedagogia do exemplo das boas pr\u00e1ticas do rugby,<\/span><\/span><\/p><\/li><li class=\"wixui-rich-text__text\"><p class=\"font_6 wixui-rich-text__text\"><span class=\"color_11 wixui-rich-text__text\"><span class=\"wixui-rich-text__text\">Usar o Rugby como instrumento de forma\u00e7\u00e3o do cidad\u00e3o,<\/span><\/span><\/p><\/li><li class=\"wixui-rich-text__text\"><p class=\"font_6 wixui-rich-text__text\"><span class=\"color_11 wixui-rich-text__text\"><span class=\"wixui-rich-text__text\">Ser um clube que desenvolve talentos no rugby,<\/span><\/span><\/p><\/li><li class=\"wixui-rich-text__text\"><p class=\"font_6 wixui-rich-text__text\"><span class=\"color_11 wixui-rich-text__text\"><span class=\"wixui-rich-text__text\">Criar estruturas f\u00edsicas para atender as atividades esportivas e sociais.<\/span><\/span><\/p><\/li><\/ul>\t\t\t\t\t\t\t\t<\/div>\n\t\t\t\t<\/div>\n\t\t\t\t<\/div>\n\t\t<div class=\"elementor-element elementor-element-f9191b2 e-con-full e-flex e-con e-child\" data-id=\"f9191b2\" data-element_type=\"container\" data-e-type=\"container\">\n\t\t\t\t<div class=\"elementor-element elementor-element-656ce39e elementor-widget elementor-widget-image\" data-id=\"656ce39e\" data-element_type=\"widget\" data-e-type=\"widget\" data-widget_type=\"image.default\">\n\t\t\t\t<div class=\"elementor-widget-container\">\n\t\t\t\t\t\t\t\t\t\t\t\t\t\t\t<img decoding=\"async\" width=\"640\" height=\"427\" src=\"https:\/\/jacareirugby.com.br\/wp-content\/uploads\/2024\/03\/IMG_5645-1024x683.jpg\" class=\"attachment-large size-large wp-image-801\" alt=\"\" srcset=\"https:\/\/jacareirugby.com.br\/wp-content\/uploads\/2024\/03\/IMG_5645-1024x683.jpg 1024w, https:\/\/jacareirugby.com.br\/wp-content\/uploads\/2024\/03\/IMG_5645-300x200.jpg 300w, https:\/\/jacareirugby.com.br\/wp-content\/uploads\/2024\/03\/IMG_5645-768x512.jpg 768w, https:\/\/jacareirugby.com.br\/wp-content\/uploads\/2024\/03\/IMG_5645-1536x1024.jpg 1536w, https:\/\/jacareirugby.com.br\/wp-content\/uploads\/2024\/03\/IMG_5645-2048x1366.jpg 2048w, https:\/\/jacareirugby.com.br\/wp-content\/uploads\/2024\/03\/IMG_5645-1568x1046.jpg 1568w\" sizes=\"(max-width: 640px) 100vw, 640px\" \/>\t\t\t\t\t\t\t\t\t\t\t\t\t\t\t<\/div>\n\t\t\t\t<\/div>\n\t\t\t\t<\/div>\n\t\t\t\t\t<\/div>\n\t\t\t\t<\/div>\n\t\t<div class=\"elementor-element elementor-element-a270a20 e-flex e-con-boxed e-con e-parent\" data-id=\"a270a20\" data-element_type=\"container\" data-e-type=\"container\">\n\t\t\t\t\t<div class=\"e-con-inner\">\n\t\t<div class=\"elementor-element elementor-element-929d1fc e-con-full e-flex e-con e-child\" data-id=\"929d1fc\" data-element_type=\"container\" data-e-type=\"container\">\n\t\t\t\t<div class=\"elementor-element elementor-element-8bf2df7 elementor-widget elementor-widget-image\" data-id=\"8bf2df7\" data-element_type=\"widget\" data-e-type=\"widget\" data-widget_type=\"image.default\">\n\t\t\t\t<div class=\"elementor-widget-container\">\n\t\t\t\t\t\t\t\t\t\t\t\t\t\t\t<img loading=\"lazy\" decoding=\"async\" width=\"640\" height=\"427\" src=\"https:\/\/jacareirugby.com.br\/wp-content\/uploads\/2024\/03\/IMG_6094-1024x683.jpg\" class=\"attachment-large size-large wp-image-792\" alt=\"\" srcset=\"https:\/\/jacareirugby.com.br\/wp-content\/uploads\/2024\/03\/IMG_6094-1024x683.jpg 1024w, https:\/\/jacareirugby.com.br\/wp-content\/uploads\/2024\/03\/IMG_6094-300x200.jpg 300w, https:\/\/jacareirugby.com.br\/wp-content\/uploads\/2024\/03\/IMG_6094-768x512.jpg 768w, https:\/\/jacareirugby.com.br\/wp-content\/uploads\/2024\/03\/IMG_6094-1536x1024.jpg 1536w, https:\/\/jacareirugby.com.br\/wp-content\/uploads\/2024\/03\/IMG_6094-2048x1365.jpg 2048w, https:\/\/jacareirugby.com.br\/wp-content\/uploads\/2024\/03\/IMG_6094-1568x1045.jpg 1568w\" sizes=\"(max-width: 640px) 100vw, 640px\" \/>\t\t\t\t\t\t\t\t\t\t\t\t\t\t\t<\/div>\n\t\t\t\t<\/div>\n\t\t\t\t<\/div>\n\t\t<div class=\"elementor-element elementor-element-232c4c7 e-con-full e-flex e-con e-child\" data-id=\"232c4c7\" data-element_type=\"container\" data-e-type=\"container\">\n\t\t\t\t<div class=\"elementor-element elementor-element-23116d1 elementor-widget elementor-widget-heading\" data-id=\"23116d1\" data-element_type=\"widget\" data-e-type=\"widget\" data-widget_type=\"heading.default\">\n\t\t\t\t<div class=\"elementor-widget-container\">\n\t\t\t\t\t<h2 class=\"elementor-heading-title elementor-size-default\">Valores<\/h2>\t\t\t\t<\/div>\n\t\t\t\t<\/div>\n\t\t\t\t<div class=\"elementor-element elementor-element-d70e3ba elementor-widget elementor-widget-text-editor\" data-id=\"d70e3ba\" data-element_type=\"widget\" data-e-type=\"widget\" data-widget_type=\"text-editor.default\">\n\t\t\t\t<div class=\"elementor-widget-container\">\n\t\t\t\t\t\t\t\t\t<p class=\"font_6 wixui-rich-text__text\"><span class=\"color_11 wixui-rich-text__text\"><span class=\"wixui-rich-text__text\">Somos todos parte de uma grande fam\u00edlia,<\/span><\/span><\/p><p class=\"font_6 wixui-rich-text__text\"><span class=\"color_11 wixui-rich-text__text\"><span class=\"wixui-rich-text__text\">\u00a0Esporte como meio de transforma\u00e7\u00e3o e forma\u00e7\u00e3o de cidad\u00e3os,<\/span><\/span><\/p><p class=\"font_6 wixui-rich-text__text\"><span class=\"color_11 wixui-rich-text__text\"><span class=\"wixui-rich-text__text\">\u00a0Fraternidade e paix\u00e3o em todas as a\u00e7\u00f5es,<\/span><\/span><\/p><p class=\"font_6 wixui-rich-text__text\"><span class=\"color_11 wixui-rich-text__text\"><span class=\"wixui-rich-text__text\">\u00a0Respeito sempre!<\/span><\/span><\/p>\t\t\t\t\t\t\t\t<\/div>\n\t\t\t\t<\/div>\n\t\t\t\t<\/div>\n\t\t\t\t\t<\/div>\n\t\t\t\t<\/div>\n\t\t\t\t<\/div>\n\t\t","protected":false},"excerpt":{"rendered":"<p>Sobre n\u00f3s Iniciado em 2003, o rugby de Jacare\u00ed deu seus primeiros passos dentro do Col\u00e9gio Univap, como um projeto advindo do S\u00e3o Jos\u00e9 Rugby com o objeto de disseminar a pr\u00e1tica do esporte em nossa regi\u00e3o. Em 2006, j\u00e1 galgando conquistas maiores, fundou-se a Associa\u00e7\u00e3o Esportiva Jacare\u00ed Rugby, dando forma ao nosso clube como &hellip; <\/p>\n<p class=\"link-more\"><a href=\"https:\/\/jacareirugby.com.br\/?page_id=364\" class=\"more-link\">Continue lendo<span class=\"screen-reader-text\"> &#8220;Sobre n\u00f3s&#8221;<\/span><\/a><\/p>\n","protected":false},"author":1,"featured_media":0,"parent":0,"menu_order":0,"comment_status":"closed","ping_status":"closed","template":"","meta":{"footnotes":""},"class_list":["post-364","page","type-page","status-publish","hentry","entry"],"_links":{"self":[{"href":"https:\/\/jacareirugby.com.br\/index.php?rest_route=\/wp\/v2\/pages\/364","targetHints":{"allow":["GET"]}}],"collection":[{"href":"https:\/\/jacareirugby.com.br\/index.php?rest_route=\/wp\/v2\/pages"}],"about":[{"href":"https:\/\/jacareirugby.com.br\/index.php?rest_route=\/wp\/v2\/types\/page"}],"author":[{"embeddable":true,"href":"https:\/\/jacareirugby.com.br\/index.php?rest_route=\/wp\/v2\/users\/1"}],"replies":[{"embeddable":true,"href":"https:\/\/jacareirugby.com.br\/index.php?rest_route=%2Fwp%2Fv2%2Fcomments&post=364"}],"version-history":[{"count":20,"href":"https:\/\/jacareirugby.com.br\/index.php?rest_route=\/wp\/v2\/pages\/364\/revisions"}],"predecessor-version":[{"id":1226,"href":"https:\/\/jacareirugby.com.br\/index.php?rest_route=\/wp\/v2\/pages\/364\/revisions\/1226"}],"wp:attachment":[{"href":"https:\/\/jacareirugby.com.br\/index.php?rest_route=%2Fwp%2Fv2%2Fmedia&parent=364"}],"curies":[{"name":"wp","href":"https:\/\/api.w.org\/{rel}","templated":true}]}}